{"id":563,"date":"2021-12-13T04:15:18","date_gmt":"2021-12-13T04:15:18","guid":{"rendered":"https:\/\/blockart-agency.sites.qsandbox.com\/?page_id=563"},"modified":"2026-03-10T08:48:53","modified_gmt":"2026-03-10T11:48:53","slug":"historia-mision","status":"publish","type":"page","link":"https:\/\/clubsocialnapoles.com.ar\/it\/historia-mision\/","title":{"rendered":"Storia e missione"},"content":{"rendered":"<div class=\"blockart-section blockart-section-05875b6b\"><div class=\"blockart-container\"><div class=\"blockart-section-inner\">\n<div class=\"blockart-column blockart-column-6186bd46\"><div class=\"blockart-column-inner\">\n<figure class=\"blockart-image blockart-image-06dcbea6\"><img loading=\"lazy\" decoding=\"async\" class=\"wp-image-1801 hover-effect-static filter-none mask mask-none\" src=\"https:\/\/clubsocialnapoles.com.ar\/wp-content\/uploads\/2026\/02\/Captura-de-pantalla-2026-02-05-a-las-13.06.09.png\" alt=\"\" height=\"547\" width=\"1081\" srcset=\"https:\/\/clubsocialnapoles.com.ar\/wp-content\/uploads\/2026\/02\/Captura-de-pantalla-2026-02-05-a-las-13.06.09.png 1081w, https:\/\/clubsocialnapoles.com.ar\/wp-content\/uploads\/2026\/02\/Captura-de-pantalla-2026-02-05-a-las-13.06.09-300x152.png 300w, https:\/\/clubsocialnapoles.com.ar\/wp-content\/uploads\/2026\/02\/Captura-de-pantalla-2026-02-05-a-las-13.06.09-1024x518.png 1024w, https:\/\/clubsocialnapoles.com.ar\/wp-content\/uploads\/2026\/02\/Captura-de-pantalla-2026-02-05-a-las-13.06.09-768x389.png 768w\" sizes=\"auto, (max-width: 1081px) 100vw, 1081px\" \/><\/figure>\n<\/div><\/div>\n\n\n\n<div class=\"blockart-column blockart-column-8dfdd3dd\"><div class=\"blockart-column-inner\">\n<h2 class=\"blockart-heading blockart-heading-248d44f0\">stiamo scrivendo <br>la nostra storia<\/h2>\n\n\n\n<p class=\"blockart-paragraph blockart-paragraph-30975424\">Il 25 novembre 2020, tra lacrime e un sentimento di profonda tristezza, solitudine e impotenza per la brutale partenza di <strong>Diego Armando Maradona<\/strong>Un gruppo di giovani di La Boca ha deciso di immortalare il nostro pi\u00f9 grande idolo attraverso un sogno collettivo: costruire un club di quartiere in suo onore.<\/p>\n<\/div><\/div>\n<\/div><\/div><\/div>\n\n\n\n<div class=\"blockart-section blockart-section-2e69ecbb\"><div class=\"blockart-container\"><div class=\"blockart-section-inner\">\n<div class=\"blockart-column blockart-column-013c9c67\"><div class=\"blockart-column-inner\"><\/div><\/div>\n\n\n\n<div class=\"blockart-column blockart-column-cf0de680\"><div class=\"blockart-column-inner\">\n<h2 class=\"blockart-heading blockart-heading-3b0ddb89\">La nostra missione<\/h2>\n\n\n\n<p class=\"blockart-paragraph blockart-paragraph-573d3261\">Solidariet\u00e0 e vita comunitaria sono i valori essenziali che definiscono il nostro Club e sono i pilastri su cui \u00e8 stato fondato il nostro quartiere 154 anni fa. <strong>Circolo Sociale Napoli<\/strong>Ogni risata, ogni traguardo e ogni abbraccio sono una vittoria collettiva.\u00a0<br>Crediamo nella giustizia sociale come strumento di uguaglianza, affinch\u00e9 le famiglie in situazioni di vulnerabilit\u00e0 possano costruire una vita dignitosa e felice. Vogliamo che i bambini, i pi\u00f9 piccoli e ogni ragazza e ragazzo di questo quartiere abbiano uno spazio per sognare, crescere e sviluppare i propri talenti.\u00a0<br>Consideriamo lo sport, l'istruzione, l'arte e la cultura come mezzi di apprendimento e di costruzione della cittadinanza per costruire un futuro pi\u00f9 giusto e pi\u00f9 equo.\u00a0<br>Maradona \u00e8 la nostra bandiera, Napoli la nostra ispirazione, La Boca il nostro villaggio che costruiamo ogni giorno e l'Argentina la nostra patria dove tutti i sogni possono diventare realt\u00e0.<br><\/p>\n<\/div><\/div>\n\n\n\n<div class=\"blockart-column blockart-column-1d0cfb97\"><div class=\"blockart-column-inner\"><\/div><\/div>\n<\/div><\/div><\/div>\n\n\n\n<div class=\"blockart-section blockart-section-cd122ae1\"><div class=\"blockart-container\"><div class=\"blockart-section-inner\">\n<div class=\"blockart-column blockart-column-cfdd392b\"><div class=\"blockart-column-inner\"><\/div><\/div>\n\n\n\n<div class=\"blockart-column blockart-column-7ec1eaaf\"><div class=\"blockart-column-inner\">\n<h2 class=\"blockart-heading blockart-heading-c21213a1\">La nostra istituzione e i suoi valori<\/h2>\n\n\n\n<p class=\"blockart-paragraph blockart-paragraph-452ede84\">Comprendendo la sua vita, la sua carriera sportiva, la sua costante lotta contro le avversit\u00e0 e il suo profondo amore per la Patria, come la pi\u00f9 bella storia d'amore che la nostra terra abbia mai prodotto, cerchiamo di costruire uno spazio di incontro per ringraziarlo di averci reso cos\u00ec felici, trasmettendo la sua eredit\u00e0 alle nuove generazioni.<br><br>La rivoluzione popolare innescata dal suo periodo all'SSC Napoli (1984-1990), dove divenne il portabandiera di un popolo storicamente emarginato e dimenticato dalle fasce pi\u00f9 abbienti del Nord Italia, ha ispirato il nome del nostro Club. Questo per una causa che ci unisce al popolo napoletano: il nostro amato quartiere La Boca \u00e8 anch'esso discriminato e abbandonato da una citt\u00e0 che concentra tutta la sua ricchezza economica al Nord, facendo sentire noi, le umili famiglie operaie che vivono nel Sud della citt\u00e0, cittadini di seconda classe. Per questo abbiamo scelto anche Diego e la sua storia a Napoli come rivincita del popolo contro l'\u00e9lite al potere.\u00a0<br><br>Avevamo il sogno, ma eravamo ancora nel mezzo di una pandemia e di una situazione economica disastrosa, senza risorse se non la nostra determinazione. Cos\u00ec abbiamo cercato diverse sedi finch\u00e9 non ne abbiamo trovata una che fosse accessibile, ma che presentava un problema: doveva essere completamente ricostruita. Questo sito, Rocha 915, dove oggi si trova il Club, era stato teatro di uno sfratto violento che aveva lasciato intere famiglie senza casa, ed era poi rimasto vuoto per anni, esposto a umidit\u00e0, perdite e muri e soffitti fatiscenti. Ci siamo messi al lavoro e, dopo oltre un anno e mezzo di instancabili sforzi, con l'aiuto di centinaia di vicini e tifosi di Maradona da ogni dove, che hanno lavorato alla costruzione e donato materiali, questo splendido spazio ha iniziato a prendere forma.<br><br>Il 30 ottobre 2021, in omaggio al compleanno di Diego, abbiamo inaugurato il Club con una grande festa popolare che ha riempito la strada di sport, cultura e allegria.\u00a0<br><br>Oggi, il <strong>Circolo Sociale Napoli <\/strong>Nel vivace quartiere di La Boca, dove colori e passioni pulsano al ritmo del calcio e della cultura popolare, si erge come uno spazio di incontro, speranza e trasformazione. Famiglie, ragazzi e ragazze del quartiere trovano gratuitamente l'opportunit\u00e0 di crescere, imparare e divertirsi attraverso una vasta gamma di attivit\u00e0 ricreative, sportive, educative e culturali, da <strong>Lotta olimpica<\/strong>, <strong>Calcio<\/strong>, <strong>Pattinare<\/strong>, <strong>Boxe<\/strong> e <strong>Yoga<\/strong>, fino a <strong>Murga, lezioni di musica<\/strong> e <strong>Supporto accademico<\/strong>A sua volta, il Club offre ogni giorno quanto segue: <strong>spuntino, <\/strong>una volta alla settimana <strong>Cena di beneficenza<\/strong> Cena di solidariet\u00e0 per le famiglie bisognose di assistenza alimentare e abbiamo una <strong>banca di vestiti solidali <\/strong>e uno <strong>parrucchiere sociale <\/strong>per chi ne ha bisogno<strong>.\u00a0<\/strong><br><br>Attraverso la nostra istituzione, stabiliamo accordi e collaborazioni con la comunit\u00e0 per offrire corsi di formazione professionale e workshop, programmi di sensibilizzazione per migliorare l'accesso ai diritti di donne, bambini e anziani, e campagne di salute e vaccinazione. Da marzo 2024, il CSN ospita un corso su... <strong>Assistenza sociale comunitaria<\/strong> dall'Universit\u00e0 Nazionale di Avellaneda, rafforzando l'impegno verso la comunit\u00e0 e tessendo reti che trasformano le vite.<br><br>Questa storia \u00e8 solo all'inizio. Unisciti a noi e diventane parte.<br><\/p>\n<\/div><\/div>\n\n\n\n<div class=\"blockart-column blockart-column-0b00288d\"><div class=\"blockart-column-inner\"><\/div><\/div>\n<\/div><\/div><\/div>\n\n\n\n<div class=\"blockart-section blockart-section-a8c7c151\"><div class=\"blockart-container\"><div class=\"blockart-section-inner\">\n<div class=\"blockart-column blockart-column-dab34859\"><div class=\"blockart-column-inner\"><\/div><\/div>\n\n\n\n<div class=\"blockart-column blockart-column-4d4d4da2\"><div class=\"blockart-column-inner\">\n<h2 class=\"blockart-heading blockart-heading-4d52da07\">Un club costruito<br>tra vicini<\/h2>\n\n\n\n<p class=\"blockart-paragraph blockart-paragraph-3b27db7b\">Siamo noi che viviamo, lavoriamo e sogniamo in questo quartiere.<br>Insegnanti, artisti, atleti, studenti, pensionati, famiglie e giovani che hanno deciso di unirsi per costruire qualcosa di nostro.<br>Lui\u00a0<strong>Circolo Sociale Napoli<\/strong>\u00a0nasce da questa convinzione:<br>Quando una comunit\u00e0 si organizza, pu\u00f2 creare cultura, sport, istruzione e opportunit\u00e0 per tutti.<br>Non \u00e8 solo un club.<br>\u00c8 uno spazio in cui il quartiere viene preso in considerazione, curato e pianificato.<\/p>\n<\/div><\/div>\n\n\n\n<div class=\"blockart-column blockart-column-119d63ce\"><div class=\"blockart-column-inner\"><\/div><\/div>\n<\/div><\/div><\/div>\n\n\n\n<div class=\"blockart-section blockart-section-93b237fb ocultar-equipo-kuenka\"><div class=\"blockart-container\"><div class=\"blockart-section-inner\">\n<div class=\"blockart-column blockart-column-9a68ba53\"><div class=\"blockart-column-inner\">\n<figure class=\"blockart-image blockart-image-fea78d82\"><img loading=\"lazy\" decoding=\"async\" width=\"425\" height=\"426\" class=\"wp-image-1361 hover-effect-static filter-none mask mask-none\" src=\"https:\/\/clubsocialnapoles.com.ar\/wp-content\/uploads\/2025\/07\/user-1-1.png\" alt=\"\" srcset=\"https:\/\/clubsocialnapoles.com.ar\/wp-content\/uploads\/2025\/07\/user-1-1.png 425w, https:\/\/clubsocialnapoles.com.ar\/wp-content\/uploads\/2025\/07\/user-1-1-150x150.png 150w, https:\/\/clubsocialnapoles.com.ar\/wp-content\/uploads\/2025\/07\/user-1-1-300x300.png 300w, https:\/\/clubsocialnapoles.com.ar\/wp-content\/uploads\/2025\/07\/user-1-1-100x100.png 100w\" sizes=\"auto, (max-width: 425px) 100vw, 425px\" \/><\/figure>\n\n\n\n<h3 class=\"blockart-heading blockart-heading-677a3ece\">Marga Rondan<\/h3>\n\n\n\n<p class=\"blockart-paragraph blockart-paragraph-c43ec13c\">CEO<\/p>\n<\/div><\/div>\n\n\n\n<div class=\"blockart-column blockart-column-4d96f178\"><div class=\"blockart-column-inner\">\n<figure class=\"blockart-image blockart-image-0737a8cb\"><img loading=\"lazy\" decoding=\"async\" width=\"428\" height=\"427\" class=\"wp-image-1362 hover-effect-static filter-none mask mask-none\" src=\"https:\/\/clubsocialnapoles.com.ar\/wp-content\/uploads\/2025\/07\/user-2.png\" alt=\"\" srcset=\"https:\/\/clubsocialnapoles.com.ar\/wp-content\/uploads\/2025\/07\/user-2.png 428w, https:\/\/clubsocialnapoles.com.ar\/wp-content\/uploads\/2025\/07\/user-2-150x150.png 150w, https:\/\/clubsocialnapoles.com.ar\/wp-content\/uploads\/2025\/07\/user-2-300x300.png 300w, https:\/\/clubsocialnapoles.com.ar\/wp-content\/uploads\/2025\/07\/user-2-100x100.png 100w\" sizes=\"auto, (max-width: 428px) 100vw, 428px\" \/><\/figure>\n\n\n\n<h3 class=\"blockart-heading blockart-heading-396d4571\">Javier Leoni<\/h3>\n\n\n\n<p class=\"blockart-paragraph blockart-paragraph-36c6f521\">CEO<\/p>\n<\/div><\/div>\n\n\n\n<div class=\"blockart-column blockart-column-3e0a0e8c\"><div class=\"blockart-column-inner\">\n<figure class=\"blockart-image blockart-image-ed4ecf40\"><img loading=\"lazy\" decoding=\"async\" width=\"427\" height=\"428\" class=\"wp-image-1363 hover-effect-static filter-none mask mask-none\" src=\"https:\/\/clubsocialnapoles.com.ar\/wp-content\/uploads\/2025\/07\/user-3.png\" alt=\"\" srcset=\"https:\/\/clubsocialnapoles.com.ar\/wp-content\/uploads\/2025\/07\/user-3.png 427w, https:\/\/clubsocialnapoles.com.ar\/wp-content\/uploads\/2025\/07\/user-3-150x150.png 150w, https:\/\/clubsocialnapoles.com.ar\/wp-content\/uploads\/2025\/07\/user-3-300x300.png 300w, https:\/\/clubsocialnapoles.com.ar\/wp-content\/uploads\/2025\/07\/user-3-100x100.png 100w\" sizes=\"auto, (max-width: 427px) 100vw, 427px\" \/><\/figure>\n\n\n\n<h3 class=\"blockart-heading blockart-heading-f698fd58\">Mariana Varela<\/h3>\n\n\n\n<p class=\"blockart-paragraph blockart-paragraph-600c7a77\">CEO<\/p>\n<\/div><\/div>\n\n\n\n<div class=\"blockart-column blockart-column-4f7575e0\"><div class=\"blockart-column-inner\">\n<figure class=\"blockart-image blockart-image-1af5d084\"><img loading=\"lazy\" decoding=\"async\" width=\"429\" height=\"427\" class=\"wp-image-1364 hover-effect-static filter-none mask mask-none\" src=\"https:\/\/clubsocialnapoles.com.ar\/wp-content\/uploads\/2025\/07\/user-4.png\" alt=\"\" srcset=\"https:\/\/clubsocialnapoles.com.ar\/wp-content\/uploads\/2025\/07\/user-4.png 429w, https:\/\/clubsocialnapoles.com.ar\/wp-content\/uploads\/2025\/07\/user-4-150x150.png 150w, https:\/\/clubsocialnapoles.com.ar\/wp-content\/uploads\/2025\/07\/user-4-300x300.png 300w, https:\/\/clubsocialnapoles.com.ar\/wp-content\/uploads\/2025\/07\/user-4-100x100.png 100w\" sizes=\"auto, (max-width: 429px) 100vw, 429px\" \/><\/figure>\n\n\n\n<h3 class=\"blockart-heading blockart-heading-67710e37\">Cristian Delicia<\/h3>\n\n\n\n<p class=\"blockart-paragraph blockart-paragraph-96defc93\">CEO<\/p>\n<\/div><\/div>\n<\/div><\/div><\/div>\n\n\n\n<div class=\"blockart-section blockart-section-6cffd591\"><div class=\"blockart-container\"><div class=\"blockart-section-inner\">\n<div class=\"blockart-column blockart-column-263dd468\"><div class=\"blockart-column-inner\">\n<h2 class=\"blockart-heading blockart-heading-0a1747ef\">Hai altre idee per integrare questo progetto?<\/h2>\n\n\n\n<p class=\"blockart-paragraph blockart-paragraph-98be4072\">Napoli \u00e8 uno spazio aperto allo sport, alla cultura e all\u2019incontro.<br>Se vuoi collaborare, promuovere un'attivit\u00e0 o scoprire come supportare lo sviluppo del club, scrivici.<\/p>\n<\/div><\/div>\n\n\n\n<div class=\"blockart-column blockart-column-edf7c39e\"><div class=\"blockart-column-inner\">\n<div class=\"blockart-buttons blockart-buttons-7ab651bc is-wrap justify-center-sm\">\n<div class=\"blockart-button blockart-button-5c80f038\">\n<a class=\"blockart-button-link is-custom is-style-filled\"\nhref=\"https:\/\/wa.me\/5491157303695?text=Hola%21%20Estuve%20viendo%20la%20p%C3%A1gina%20del%20Club%20Social%20N%C3%A1poles%20y%20me%20gustar%C3%ADa%20saber%20m%C3%A1s%20sobre%20las%20actividades%20y%20c%C3%B3mo%20sumarme.\"\ntarget=\"_blank\" rel=\"noopener\">\nScrivici su WhatsApp\n<\/a>\n<\/div>\n<\/div>\n<\/div><\/div>\n<\/div><\/div><\/div>\n\n\n\n<div class=\"wp-block-columns is-layout-flex wp-container-core-columns-is-layout-28f84493 wp-block-columns-is-layout-flex\">\n<div class=\"wp-block-column is-layout-flow wp-block-column-is-layout-flow\" style=\"flex-basis:100%\">\n<style>\n.logo-slider-wrapper {\n  max-width: 1200px;\n  margin: 0 auto;\n  padding: 20px 20px;\n  box-sizing: border-box;\n}\n\n.logo-slider-container {\n  display: flex;\n  overflow: hidden;\n  width: 100%;\n  background-color: white;\n}\n\n.logo-slider-track {\n  display: flex;\n  animation: scroll 30s linear infinite;\n}\n\n.logo-slider-track img {\n  height: 60px;\n  margin: 0 40px;\n  opacity: 0.9;\n}\n\n@keyframes scroll {\n  0% { transform: translateX(0); }\n  100% { transform: translateX(-50%); }\n}\n<\/style>\n\n<div class=\"logo-slider-wrapper\">\n  <div class=\"logo-slider-container\">\n    <div class=\"logo-slider-track\">\n    <img decoding=\"async\" src=\"https:\/\/clubsocialnapoles.com.ar\/wp-content\/uploads\/2025\/07\/logo-nudo.gif\">\n    <img decoding=\"async\" src=\"https:\/\/clubsocialnapoles.com.ar\/wp-content\/uploads\/2026\/03\/CABJ_Gris.gif\">\n    <img decoding=\"async\" src=\"https:\/\/clubsocialnapoles.com.ar\/wp-content\/uploads\/2026\/03\/Logo_Universidad_de_Napoles_Gris.gif\">\n    <img decoding=\"async\" src=\"https:\/\/clubsocialnapoles.com.ar\/wp-content\/uploads\/2025\/07\/logo-comuna4.gif\">\n    <img decoding=\"async\" src=\"https:\/\/clubsocialnapoles.com.ar\/wp-content\/uploads\/2025\/07\/logo-campora.gif\">\n    <img decoding=\"async\" src=\"https:\/\/clubsocialnapoles.com.ar\/wp-content\/uploads\/2025\/07\/logo-lbrp.gif\">\n    <!-- Repet\u00ed logos si quer\u00e9s un loop suave -->\n    <img decoding=\"async\" src=\"https:\/\/clubsocialnapoles.com.ar\/wp-content\/uploads\/2025\/07\/logo-nudo.gif\">\n    <img decoding=\"async\" src=\"https:\/\/clubsocialnapoles.com.ar\/wp-content\/uploads\/2026\/03\/CABJ_Gris.gif\">\n    <\/div>\n  <\/div>\n<\/div>\n<\/div>\n<\/div>\n\n\n\n<div class=\"blockart-section blockart-section-d8bb7b25\"><div class=\"blockart-container\"><div class=\"blockart-section-inner\">\n<div class=\"blockart-column blockart-column-e70448c7\"><div class=\"blockart-column-inner\"><\/div><\/div>\n\n\n\n<div class=\"blockart-column blockart-column-716dcbed\"><div class=\"blockart-column-inner\">\n<figure class=\"blockart-image blockart-image-d51ecfb7\"><img loading=\"lazy\" decoding=\"async\" class=\"wp-image-1635 hover-effect-static filter-none mask mask-none\" src=\"https:\/\/clubsocialnapoles.com.ar\/wp-content\/uploads\/2025\/07\/logoFB.png\" alt=\"\" height=\"40\" width=\"33\"\/><\/figure>\n<\/div><\/div>\n\n\n\n<div class=\"blockart-column blockart-column-b0322e25\"><div class=\"blockart-column-inner\">\n<figure class=\"blockart-image blockart-image-da2fd630\"><img loading=\"lazy\" decoding=\"async\" class=\"wp-image-1636 hover-effect-static filter-none mask mask-none\" src=\"https:\/\/clubsocialnapoles.com.ar\/wp-content\/uploads\/2025\/07\/logoIG.png\" alt=\"\" height=\"40\" width=\"33\"\/><\/figure>\n<\/div><\/div>\n\n\n\n<div class=\"blockart-column blockart-column-3ce79db4\"><div class=\"blockart-column-inner\">\n<figure class=\"blockart-image blockart-image-2e26afaa\"><img loading=\"lazy\" decoding=\"async\" class=\"wp-image-1634 hover-effect-static filter-none mask mask-none\" src=\"https:\/\/clubsocialnapoles.com.ar\/wp-content\/uploads\/2025\/07\/logoYoutube.png\" alt=\"\" height=\"40\" width=\"33\"\/><\/figure>\n<\/div><\/div>\n\n\n\n<div class=\"blockart-column blockart-column-b947f356\"><div class=\"blockart-column-inner\">\n<figure class=\"blockart-image blockart-image-3c63b3d0\"><img loading=\"lazy\" decoding=\"async\" class=\"wp-image-1637 hover-effect-static filter-none mask mask-none\" src=\"https:\/\/clubsocialnapoles.com.ar\/wp-content\/uploads\/2025\/07\/logoLinkedin.png\" alt=\"\" height=\"40\" width=\"33\"\/><\/figure>\n<\/div><\/div>\n\n\n\n<div class=\"blockart-column blockart-column-ce805f44\"><div class=\"blockart-column-inner\"><\/div><\/div>\n<\/div><\/div><\/div>\n\n\n\n<div class=\"blockart-section blockart-section-a7421495\"><div class=\"blockart-container\"><div class=\"blockart-section-inner\"><\/div><\/div><\/div>","protected":false},"excerpt":{"rendered":"","protected":false},"author":1,"featured_media":0,"parent":0,"menu_order":0,"comment_status":"closed","ping_status":"closed","template":"page-templates\/pagebuilder.php","meta":{"zakra_sidebar_layout":"stretched","zakra_remove_content_margin":true,"zakra_sidebar":"customizer","zakra_transparent_header":"customizer","zakra_logo":0,"zakra_main_header_style":"default","zakra_menu_item_color":"","zakra_menu_item_hover_color":"#000000","zakra_menu_item_active_color":"#23ab70","zakra_menu_active_style":"","zakra_page_header":true,"footnotes":""},"class_list":["post-563","page","type-page","status-publish","hentry"],"_links":{"self":[{"href":"https:\/\/clubsocialnapoles.com.ar\/it\/wp-json\/wp\/v2\/pages\/563","targetHints":{"allow":["GET"]}}],"collection":[{"href":"https:\/\/clubsocialnapoles.com.ar\/it\/wp-json\/wp\/v2\/pages"}],"about":[{"href":"https:\/\/clubsocialnapoles.com.ar\/it\/wp-json\/wp\/v2\/types\/page"}],"author":[{"embeddable":true,"href":"https:\/\/clubsocialnapoles.com.ar\/it\/wp-json\/wp\/v2\/users\/1"}],"replies":[{"embeddable":true,"href":"https:\/\/clubsocialnapoles.com.ar\/it\/wp-json\/wp\/v2\/comments?post=563"}],"version-history":[{"count":30,"href":"https:\/\/clubsocialnapoles.com.ar\/it\/wp-json\/wp\/v2\/pages\/563\/revisions"}],"predecessor-version":[{"id":2001,"href":"https:\/\/clubsocialnapoles.com.ar\/it\/wp-json\/wp\/v2\/pages\/563\/revisions\/2001"}],"wp:attachment":[{"href":"https:\/\/clubsocialnapoles.com.ar\/it\/wp-json\/wp\/v2\/media?parent=563"}],"curies":[{"name":"wp","href":"https:\/\/api.w.org\/{rel}","templated":true}]}}